{"id":1043,"date":"2025-01-28T12:54:03","date_gmt":"2025-01-28T15:54:03","guid":{"rendered":"https:\/\/mapeengenharia.com.br\/loja\/produto\/sinalizador-audiovisual-enderecavel-intelbras-sav-521-e\/"},"modified":"2025-01-28T13:00:41","modified_gmt":"2025-01-28T16:00:41","slug":"sinalizador-audiovisual-enderecavel-intelbras-sav-521-e","status":"publish","type":"product","link":"https:\/\/mapeengenharia.com.br\/loja\/produto\/sinalizador-audiovisual-enderecavel-intelbras-sav-521-e\/","title":{"rendered":"Sinalizador Audiovisual Endere\u00e7\u00e1vel Intelbras Sav 521 E"},"content":{"rendered":"","protected":false},"excerpt":{"rendered":"<p>&#8211; Tens\u00e3o de opera\u00e7\u00e3o e alimenta\u00e7\u00e3o 24V: 20 a 30 Vdc<br \/>\n&#8211; Corrente em alarme e alimenta\u00e7\u00e3o 24V: 50 mA @24 V<br \/>\n&#8211; Press\u00e3o sonora: &gt;90 dB\/m<br \/>\n&#8211; Sinaliza\u00e7\u00e3o visual (flash): 6 LEDs brancos com alto brilho \u2013 90 flash por minuto<br \/>\n&#8211; Indicador visual LED (verde): Repouso: pisca a cada 2s<br \/>\n&#8211; Instala\u00e7\u00e3o: 4 fios (2 la\u00e7os + 2 alimenta\u00e7\u00f5es 24 V, sem polaridade)<br \/>\n&#8211; Faixa de endere\u00e7os: 1 a 250<br \/>\n&#8211; Temperatura de opera\u00e7\u00e3o: -10 a 50 \u00b0C<br \/>\n&#8211; Material: ABS com prote\u00e7\u00e3o UV<br \/>\n&#8211; Cor: Vermelho<br \/>\n&#8211; Peso: 155 g<br \/>\n&#8211; Dimens\u00f5es (L \u00d7 A \u00d7 P): 100 \u00d7 130 \u00d7 56 mm<\/p>\n","protected":false},"featured_media":1044,"comment_status":"open","ping_status":"closed","template":"","meta":[],"product_brand":[],"product_cat":[42,46],"product_tag":[],"class_list":{"0":"post-1043","1":"product","2":"type-product","3":"status-publish","4":"has-post-thumbnail","6":"product_cat-alarme-de-incendio","7":"product_cat-alarme-de-incendio-sirene","9":"first","10":"instock","11":"taxable","12":"shipping-taxable","13":"purchasable","14":"product-type-simple"},"yoast_head":"<!-- This site is optimized with the Yoast SEO plugin v27.5 - https:\/\/yoast.com\/product\/yoast-seo-wordpress\/ -->\n<title>Sinalizador Audiovisual Endere\u00e7\u00e1vel Intelbras Sav 521 E - Mape Com\u00e9rcio de Produtos Preventivos de Inc\u00eandio<\/title>\n<meta name=\"description\" content=\"Sinalizador Audiovisual Endere\u00e7\u00e1vel Intelbras Sav 521 E\" \/>\n<meta name=\"robots\" content=\"index, follow, max-snippet:-1, max-image-preview:large, max-video-preview:-1\" \/>\n<link rel=\"canonical\" href=\"https:\/\/mapeengenharia.com.br\/loja\/produto\/sinalizador-audiovisual-enderecavel-intelbras-sav-521-e\/\" \/>\n<meta property=\"og:locale\" content=\"pt_BR\" \/>\n<meta property=\"og:type\" content=\"article\" \/>\n<meta property=\"og:title\" content=\"Sinalizador Audiovisual Endere\u00e7\u00e1vel Intelbras Sav 521 E - Mape Com\u00e9rcio de Produtos Preventivos de Inc\u00eandio\" \/>\n<meta property=\"og:description\" content=\"Sinalizador Audiovisual Endere\u00e7\u00e1vel Intelbras Sav 521 E\" \/>\n<meta property=\"og:url\" content=\"https:\/\/mapeengenharia.com.br\/loja\/produto\/sinalizador-audiovisual-enderecavel-intelbras-sav-521-e\/\" \/>\n<meta property=\"og:site_name\" content=\"Mape Com\u00e9rcio de Produtos Preventivos de Inc\u00eandio\" \/>\n<meta property=\"article:modified_time\" content=\"2025-01-28T16:00:41+00:00\" \/>\n<meta property=\"og:image\" content=\"https:\/\/mapeengenharia.com.br\/loja\/wp-content\/uploads\/2025\/01\/Loja-14.png\" \/>\n\t<meta property=\"og:image:width\" content=\"500\" \/>\n\t<meta property=\"og:image:height\" content=\"600\" \/>\n\t<meta property=\"og:image:type\" content=\"image\/png\" \/>\n<meta name=\"twitter:card\" content=\"summary_large_image\" \/>\n<meta name=\"twitter:label1\" content=\"Est. tempo de leitura\" \/>\n\t<meta name=\"twitter:data1\" content=\"1 minuto\" \/>\n<script type=\"application\/ld+json\" class=\"yoast-schema-graph\">{\"@context\":\"https:\\\/\\\/schema.org\",\"@graph\":[{\"@type\":\"WebPage\",\"@id\":\"https:\\\/\\\/mapeengenharia.com.br\\\/loja\\\/produto\\\/sinalizador-audiovisual-enderecavel-intelbras-sav-521-e\\\/\",\"url\":\"https:\\\/\\\/mapeengenharia.com.br\\\/loja\\\/produto\\\/sinalizador-audiovisual-enderecavel-intelbras-sav-521-e\\\/\",\"name\":\"Sinalizador Audiovisual Endere\u00e7\u00e1vel Intelbras Sav 521 E - Mape Com\u00e9rcio de Produtos Preventivos de Inc\u00eandio\",\"isPartOf\":{\"@id\":\"https:\\\/\\\/mapeengenharia.com.br\\\/loja\\\/#website\"},\"primaryImageOfPage\":{\"@id\":\"https:\\\/\\\/mapeengenharia.com.br\\\/loja\\\/produto\\\/sinalizador-audiovisual-enderecavel-intelbras-sav-521-e\\\/#primaryimage\"},\"image\":{\"@id\":\"https:\\\/\\\/mapeengenharia.com.br\\\/loja\\\/produto\\\/sinalizador-audiovisual-enderecavel-intelbras-sav-521-e\\\/#primaryimage\"},\"thumbnailUrl\":\"https:\\\/\\\/mapeengenharia.com.br\\\/loja\\\/wp-content\\\/uploads\\\/2025\\\/01\\\/Loja-14.png\",\"datePublished\":\"2025-01-28T15:54:03+00:00\",\"dateModified\":\"2025-01-28T16:00:41+00:00\",\"description\":\"Sinalizador Audiovisual Endere\u00e7\u00e1vel Intelbras Sav 521 E\",\"breadcrumb\":{\"@id\":\"https:\\\/\\\/mapeengenharia.com.br\\\/loja\\\/produto\\\/sinalizador-audiovisual-enderecavel-intelbras-sav-521-e\\\/#breadcrumb\"},\"inLanguage\":\"pt-BR\",\"potentialAction\":[{\"@type\":\"ReadAction\",\"target\":[\"https:\\\/\\\/mapeengenharia.com.br\\\/loja\\\/produto\\\/sinalizador-audiovisual-enderecavel-intelbras-sav-521-e\\\/\"]}]},{\"@type\":\"ImageObject\",\"inLanguage\":\"pt-BR\",\"@id\":\"https:\\\/\\\/mapeengenharia.com.br\\\/loja\\\/produto\\\/sinalizador-audiovisual-enderecavel-intelbras-sav-521-e\\\/#primaryimage\",\"url\":\"https:\\\/\\\/mapeengenharia.com.br\\\/loja\\\/wp-content\\\/uploads\\\/2025\\\/01\\\/Loja-14.png\",\"contentUrl\":\"https:\\\/\\\/mapeengenharia.com.br\\\/loja\\\/wp-content\\\/uploads\\\/2025\\\/01\\\/Loja-14.png\",\"width\":500,\"height\":600},{\"@type\":\"BreadcrumbList\",\"@id\":\"https:\\\/\\\/mapeengenharia.com.br\\\/loja\\\/produto\\\/sinalizador-audiovisual-enderecavel-intelbras-sav-521-e\\\/#breadcrumb\",\"itemListElement\":[{\"@type\":\"ListItem\",\"position\":1,\"name\":\"In\u00edcio\",\"item\":\"https:\\\/\\\/mapeengenharia.com.br\\\/loja\\\/\"},{\"@type\":\"ListItem\",\"position\":2,\"name\":\"Loja\",\"item\":\"https:\\\/\\\/mapeengenharia.com.br\\\/loja\\\/loja\\\/\"},{\"@type\":\"ListItem\",\"position\":3,\"name\":\"Sinalizador Audiovisual Endere\u00e7\u00e1vel Intelbras Sav 521 E\"}]},{\"@type\":\"WebSite\",\"@id\":\"https:\\\/\\\/mapeengenharia.com.br\\\/loja\\\/#website\",\"url\":\"https:\\\/\\\/mapeengenharia.com.br\\\/loja\\\/\",\"name\":\"Mape Com\u00e9rcio de Produtos Preventivos de Inc\u00eandio\",\"description\":\"A Casa do Condom\u00ednio\",\"potentialAction\":[{\"@type\":\"SearchAction\",\"target\":{\"@type\":\"EntryPoint\",\"urlTemplate\":\"https:\\\/\\\/mapeengenharia.com.br\\\/loja\\\/?s={search_term_string}\"},\"query-input\":{\"@type\":\"PropertyValueSpecification\",\"valueRequired\":true,\"valueName\":\"search_term_string\"}}],\"inLanguage\":\"pt-BR\"}]}<\/script>\n<!-- \/ Yoast SEO plugin. -->","yoast_head_json":{"title":"Sinalizador Audiovisual Endere\u00e7\u00e1vel Intelbras Sav 521 E - Mape Com\u00e9rcio de Produtos Preventivos de Inc\u00eandio","description":"Sinalizador Audiovisual Endere\u00e7\u00e1vel Intelbras Sav 521 E","robots":{"index":"index","follow":"follow","max-snippet":"max-snippet:-1","max-image-preview":"max-image-preview:large","max-video-preview":"max-video-preview:-1"},"canonical":"https:\/\/mapeengenharia.com.br\/loja\/produto\/sinalizador-audiovisual-enderecavel-intelbras-sav-521-e\/","og_locale":"pt_BR","og_type":"article","og_title":"Sinalizador Audiovisual Endere\u00e7\u00e1vel Intelbras Sav 521 E - Mape Com\u00e9rcio de Produtos Preventivos de Inc\u00eandio","og_description":"Sinalizador Audiovisual Endere\u00e7\u00e1vel Intelbras Sav 521 E","og_url":"https:\/\/mapeengenharia.com.br\/loja\/produto\/sinalizador-audiovisual-enderecavel-intelbras-sav-521-e\/","og_site_name":"Mape Com\u00e9rcio de Produtos Preventivos de Inc\u00eandio","article_modified_time":"2025-01-28T16:00:41+00:00","og_image":[{"width":500,"height":600,"url":"https:\/\/mapeengenharia.com.br\/loja\/wp-content\/uploads\/2025\/01\/Loja-14.png","type":"image\/png"}],"twitter_card":"summary_large_image","twitter_misc":{"Est. tempo de leitura":"1 minuto"},"schema":{"@context":"https:\/\/schema.org","@graph":[{"@type":"WebPage","@id":"https:\/\/mapeengenharia.com.br\/loja\/produto\/sinalizador-audiovisual-enderecavel-intelbras-sav-521-e\/","url":"https:\/\/mapeengenharia.com.br\/loja\/produto\/sinalizador-audiovisual-enderecavel-intelbras-sav-521-e\/","name":"Sinalizador Audiovisual Endere\u00e7\u00e1vel Intelbras Sav 521 E - Mape Com\u00e9rcio de Produtos Preventivos de Inc\u00eandio","isPartOf":{"@id":"https:\/\/mapeengenharia.com.br\/loja\/#website"},"primaryImageOfPage":{"@id":"https:\/\/mapeengenharia.com.br\/loja\/produto\/sinalizador-audiovisual-enderecavel-intelbras-sav-521-e\/#primaryimage"},"image":{"@id":"https:\/\/mapeengenharia.com.br\/loja\/produto\/sinalizador-audiovisual-enderecavel-intelbras-sav-521-e\/#primaryimage"},"thumbnailUrl":"https:\/\/mapeengenharia.com.br\/loja\/wp-content\/uploads\/2025\/01\/Loja-14.png","datePublished":"2025-01-28T15:54:03+00:00","dateModified":"2025-01-28T16:00:41+00:00","description":"Sinalizador Audiovisual Endere\u00e7\u00e1vel Intelbras Sav 521 E","breadcrumb":{"@id":"https:\/\/mapeengenharia.com.br\/loja\/produto\/sinalizador-audiovisual-enderecavel-intelbras-sav-521-e\/#breadcrumb"},"inLanguage":"pt-BR","potentialAction":[{"@type":"ReadAction","target":["https:\/\/mapeengenharia.com.br\/loja\/produto\/sinalizador-audiovisual-enderecavel-intelbras-sav-521-e\/"]}]},{"@type":"ImageObject","inLanguage":"pt-BR","@id":"https:\/\/mapeengenharia.com.br\/loja\/produto\/sinalizador-audiovisual-enderecavel-intelbras-sav-521-e\/#primaryimage","url":"https:\/\/mapeengenharia.com.br\/loja\/wp-content\/uploads\/2025\/01\/Loja-14.png","contentUrl":"https:\/\/mapeengenharia.com.br\/loja\/wp-content\/uploads\/2025\/01\/Loja-14.png","width":500,"height":600},{"@type":"BreadcrumbList","@id":"https:\/\/mapeengenharia.com.br\/loja\/produto\/sinalizador-audiovisual-enderecavel-intelbras-sav-521-e\/#breadcrumb","itemListElement":[{"@type":"ListItem","position":1,"name":"In\u00edcio","item":"https:\/\/mapeengenharia.com.br\/loja\/"},{"@type":"ListItem","position":2,"name":"Loja","item":"https:\/\/mapeengenharia.com.br\/loja\/loja\/"},{"@type":"ListItem","position":3,"name":"Sinalizador Audiovisual Endere\u00e7\u00e1vel Intelbras Sav 521 E"}]},{"@type":"WebSite","@id":"https:\/\/mapeengenharia.com.br\/loja\/#website","url":"https:\/\/mapeengenharia.com.br\/loja\/","name":"Mape Com\u00e9rcio de Produtos Preventivos de Inc\u00eandio","description":"A Casa do Condom\u00ednio","potentialAction":[{"@type":"SearchAction","target":{"@type":"EntryPoint","urlTemplate":"https:\/\/mapeengenharia.com.br\/loja\/?s={search_term_string}"},"query-input":{"@type":"PropertyValueSpecification","valueRequired":true,"valueName":"search_term_string"}}],"inLanguage":"pt-BR"}]}},"_links":{"self":[{"href":"https:\/\/mapeengenharia.com.br\/loja\/wp-json\/wp\/v2\/product\/1043","targetHints":{"allow":["GET"]}}],"collection":[{"href":"https:\/\/mapeengenharia.com.br\/loja\/wp-json\/wp\/v2\/product"}],"about":[{"href":"https:\/\/mapeengenharia.com.br\/loja\/wp-json\/wp\/v2\/types\/product"}],"replies":[{"embeddable":true,"href":"https:\/\/mapeengenharia.com.br\/loja\/wp-json\/wp\/v2\/comments?post=1043"}],"wp:featuredmedia":[{"embeddable":true,"href":"https:\/\/mapeengenharia.com.br\/loja\/wp-json\/wp\/v2\/media\/1044"}],"wp:attachment":[{"href":"https:\/\/mapeengenharia.com.br\/loja\/wp-json\/wp\/v2\/media?parent=1043"}],"wp:term":[{"taxonomy":"product_brand","embeddable":true,"href":"https:\/\/mapeengenharia.com.br\/loja\/wp-json\/wp\/v2\/product_brand?post=1043"},{"taxonomy":"product_cat","embeddable":true,"href":"https:\/\/mapeengenharia.com.br\/loja\/wp-json\/wp\/v2\/product_cat?post=1043"},{"taxonomy":"product_tag","embeddable":true,"href":"https:\/\/mapeengenharia.com.br\/loja\/wp-json\/wp\/v2\/product_tag?post=1043"}],"curies":[{"name":"wp","href":"https:\/\/api.w.org\/{rel}","templated":true}]}}