{"id":1064,"date":"2025-01-28T13:44:54","date_gmt":"2025-01-28T16:44:54","guid":{"rendered":"https:\/\/mapeengenharia.com.br\/loja\/produto\/sinalizador-visual-e-acustico-enderecavel-tecnohold-safira-avalon\/"},"modified":"2026-04-29T11:21:42","modified_gmt":"2026-04-29T14:21:42","slug":"sinalizador-visual-e-acustico-enderecavel-tecnohold-safira-avalon","status":"publish","type":"product","link":"https:\/\/mapeengenharia.com.br\/loja\/produto\/sinalizador-visual-e-acustico-enderecavel-tecnohold-safira-avalon\/","title":{"rendered":"Sinalizador Visual e Ac\u00fastico  Endere\u00e7\u00e1vel  Tecnohold &#8211; Safira\/Avalon"},"content":{"rendered":"","protected":false},"excerpt":{"rendered":"<p><span style=\"color: #666666; font-family: 'Proxima Nova', -apple-system, Roboto, Arial, sans-serif; font-size: 20px;\">CARACTER\u00cdSTICAS<\/span><br style=\"margin: 0px; padding: 0px; color: #666666; font-family: 'Proxima Nova', -apple-system, Roboto, Arial, sans-serif; font-size: 20px;\" \/><span style=\"color: #666666; font-family: 'Proxima Nova', -apple-system, Roboto, Arial, sans-serif; font-size: 20px;\">Baixo custo;<\/span><br style=\"margin: 0px; padding: 0px; color: #666666; font-family: 'Proxima Nova', -apple-system, Roboto, Arial, sans-serif; font-size: 20px;\" \/><span style=\"color: #666666; font-family: 'Proxima Nova', -apple-system, Roboto, Arial, sans-serif; font-size: 20px;\">Aplica\u00e7\u00e3o indoor;<\/span><br style=\"margin: 0px; padding: 0px; color: #666666; font-family: 'Proxima Nova', -apple-system, Roboto, Arial, sans-serif; font-size: 20px;\" \/><span style=\"color: #666666; font-family: 'Proxima Nova', -apple-system, Roboto, Arial, sans-serif; font-size: 20px;\">Alta confiabilidade;<\/span><br style=\"margin: 0px; padding: 0px; color: #666666; font-family: 'Proxima Nova', -apple-system, Roboto, Arial, sans-serif; font-size: 20px;\" \/><span style=\"color: #666666; font-family: 'Proxima Nova', -apple-system, Roboto, Arial, sans-serif; font-size: 20px;\">LED de alto brilho no indicador visual;<\/span><br style=\"margin: 0px; padding: 0px; color: #666666; font-family: 'Proxima Nova', -apple-system, Roboto, Arial, sans-serif; font-size: 20px;\" \/><span style=\"color: #666666; font-family: 'Proxima Nova', -apple-system, Roboto, Arial, sans-serif; font-size: 20px;\">Mudan\u00e7a de tom de acordo com o alarme;<\/span><br style=\"margin: 0px; padding: 0px; color: #666666; font-family: 'Proxima Nova', -apple-system, Roboto, Arial, sans-serif; font-size: 20px;\" \/><span style=\"color: #666666; font-family: 'Proxima Nova', -apple-system, Roboto, Arial, sans-serif; font-size: 20px;\">Informa\u00e7\u00f5es t\u00e9cnicas<\/span><br style=\"margin: 0px; padding: 0px; color: #666666; font-family: 'Proxima Nova', -apple-system, Roboto, Arial, sans-serif; font-size: 20px;\" \/><span style=\"color: #666666; font-family: 'Proxima Nova', -apple-system, Roboto, Arial, sans-serif; font-size: 20px;\">Tens\u00e3o nominal: 24Vdc;<\/span><br style=\"margin: 0px; padding: 0px; color: #666666; font-family: 'Proxima Nova', -apple-system, Roboto, Arial, sans-serif; font-size: 20px;\" \/><span style=\"color: #666666; font-family: 'Proxima Nova', -apple-system, Roboto, Arial, sans-serif; font-size: 20px;\">Tens\u00e3o de opera\u00e7\u00e3o: 18~28 Vdc;<\/span><br style=\"margin: 0px; padding: 0px; color: #666666; font-family: 'Proxima Nova', -apple-system, Roboto, Arial, sans-serif; font-size: 20px;\" \/><span style=\"color: #666666; font-family: 'Proxima Nova', -apple-system, Roboto, Arial, sans-serif; font-size: 20px;\">Corrente em alarme: 102 mA;<\/span><br style=\"margin: 0px; padding: 0px; color: #666666; font-family: 'Proxima Nova', -apple-system, Roboto, Arial, sans-serif; font-size: 20px;\" \/><span style=\"color: #666666; font-family: 'Proxima Nova', -apple-system, Roboto, Arial, sans-serif; font-size: 20px;\">Corrente em stand-by: 2,1 mA;<\/span><br style=\"margin: 0px; padding: 0px; color: #666666; font-family: 'Proxima Nova', -apple-system, Roboto, Arial, sans-serif; font-size: 20px;\" \/><span style=\"color: #666666; font-family: 'Proxima Nova', -apple-system, Roboto, Arial, sans-serif; font-size: 20px;\">Indicador de alarme: indicador sonoro (um ou dois) tons. Indicador visual piscando a cada segundo;<\/span><br style=\"margin: 0px; padding: 0px; color: #666666; font-family: 'Proxima Nova', -apple-system, Roboto, Arial, sans-serif; font-size: 20px;\" \/><span style=\"color: #666666; font-family: 'Proxima Nova', -apple-system, Roboto, Arial, sans-serif; font-size: 20px;\">Indicador de supervis\u00e3o: painel central (LED verde piscando);<\/span><br style=\"margin: 0px; padding: 0px; color: #666666; font-family: 'Proxima Nova', -apple-system, Roboto, Arial, sans-serif; font-size: 20px;\" \/><span style=\"color: #666666; font-family: 'Proxima Nova', -apple-system, Roboto, Arial, sans-serif; font-size: 20px;\">Press\u00e3o sonora: 95 dB (a 1 metro);<\/span><br style=\"margin: 0px; padding: 0px; color: #666666; font-family: 'Proxima Nova', -apple-system, Roboto, Arial, sans-serif; font-size: 20px;\" \/><span style=\"color: #666666; font-family: 'Proxima Nova', -apple-system, Roboto, Arial, sans-serif; font-size: 20px;\">Dimens\u00f5es: 94 x 92 x 92mm (A x L x P);<\/span><br style=\"margin: 0px; padding: 0px; color: #666666; font-family: 'Proxima Nova', -apple-system, Roboto, Arial, sans-serif; font-size: 20px;\" \/><span style=\"color: #666666; font-family: 'Proxima Nova', -apple-system, Roboto, Arial, sans-serif; font-size: 20px;\">Grau de prote\u00e7\u00e3o: IP-20;<\/span><br style=\"margin: 0px; padding: 0px; color: #666666; font-family: 'Proxima Nova', -apple-system, Roboto, Arial, sans-serif; font-size: 20px;\" \/><span style=\"color: #666666; font-family: 'Proxima Nova', -apple-system, Roboto, Arial, sans-serif; font-size: 20px;\">Peso: 250 gramas;<\/span><br style=\"margin: 0px; padding: 0px; color: #666666; font-family: 'Proxima Nova', -apple-system, Roboto, Arial, sans-serif; font-size: 20px;\" \/><span style=\"color: #666666; font-family: 'Proxima Nova', -apple-system, Roboto, Arial, sans-serif; font-size: 20px;\">Material: Pl\u00e1stico ABS (resistente ao fogo) e acr\u00edlico.<\/span><\/p>\n","protected":false},"featured_media":1031,"comment_status":"open","ping_status":"closed","template":"","meta":[],"product_brand":[],"product_cat":[42,46],"product_tag":[],"class_list":{"0":"post-1064","1":"product","2":"type-product","3":"status-publish","4":"has-post-thumbnail","6":"product_cat-alarme-de-incendio","7":"product_cat-alarme-de-incendio-sirene","9":"first","10":"instock","11":"taxable","12":"shipping-taxable","13":"purchasable","14":"product-type-simple"},"yoast_head":"<!-- This site is optimized with the Yoast SEO plugin v27.5 - https:\/\/yoast.com\/product\/yoast-seo-wordpress\/ -->\n<title>Sinalizador Visual e Ac\u00fastico Endere\u00e7\u00e1vel Tecnohold - Safira\/Avalon - Mape Com\u00e9rcio de Produtos Preventivos de Inc\u00eandio<\/title>\n<meta name=\"description\" content=\"Sinalizador Visual e Ac\u00fastico Endere\u00e7\u00e1vel Tecnohold - Safira\/Avalon\" \/>\n<meta name=\"robots\" content=\"index, follow, max-snippet:-1, max-image-preview:large, max-video-preview:-1\" \/>\n<link rel=\"canonical\" href=\"https:\/\/mapeengenharia.com.br\/loja\/produto\/sinalizador-visual-e-acustico-enderecavel-tecnohold-safira-avalon\/\" \/>\n<meta property=\"og:locale\" content=\"pt_BR\" \/>\n<meta property=\"og:type\" content=\"article\" \/>\n<meta property=\"og:title\" content=\"Sinalizador Visual e Ac\u00fastico Endere\u00e7\u00e1vel Tecnohold - Safira\/Avalon - Mape Com\u00e9rcio de Produtos Preventivos de Inc\u00eandio\" \/>\n<meta property=\"og:description\" content=\"Sinalizador Visual e Ac\u00fastico Endere\u00e7\u00e1vel Tecnohold - Safira\/Avalon\" \/>\n<meta property=\"og:url\" content=\"https:\/\/mapeengenharia.com.br\/loja\/produto\/sinalizador-visual-e-acustico-enderecavel-tecnohold-safira-avalon\/\" \/>\n<meta property=\"og:site_name\" content=\"Mape Com\u00e9rcio de Produtos Preventivos de Inc\u00eandio\" \/>\n<meta property=\"article:modified_time\" content=\"2026-04-29T14:21:42+00:00\" \/>\n<meta property=\"og:image\" content=\"https:\/\/mapeengenharia.com.br\/loja\/wp-content\/uploads\/2025\/01\/15321963666-loja2.png\" \/>\n\t<meta property=\"og:image:width\" content=\"500\" \/>\n\t<meta property=\"og:image:height\" content=\"600\" \/>\n\t<meta property=\"og:image:type\" content=\"image\/png\" \/>\n<meta name=\"twitter:card\" content=\"summary_large_image\" \/>\n<meta name=\"twitter:label1\" content=\"Est. tempo de leitura\" \/>\n\t<meta name=\"twitter:data1\" content=\"1 minuto\" \/>\n<script type=\"application\/ld+json\" class=\"yoast-schema-graph\">{\"@context\":\"https:\\\/\\\/schema.org\",\"@graph\":[{\"@type\":\"WebPage\",\"@id\":\"https:\\\/\\\/mapeengenharia.com.br\\\/loja\\\/produto\\\/sinalizador-visual-e-acustico-enderecavel-tecnohold-safira-avalon\\\/\",\"url\":\"https:\\\/\\\/mapeengenharia.com.br\\\/loja\\\/produto\\\/sinalizador-visual-e-acustico-enderecavel-tecnohold-safira-avalon\\\/\",\"name\":\"Sinalizador Visual e Ac\u00fastico Endere\u00e7\u00e1vel Tecnohold - Safira\\\/Avalon - Mape Com\u00e9rcio de Produtos Preventivos de Inc\u00eandio\",\"isPartOf\":{\"@id\":\"https:\\\/\\\/mapeengenharia.com.br\\\/loja\\\/#website\"},\"primaryImageOfPage\":{\"@id\":\"https:\\\/\\\/mapeengenharia.com.br\\\/loja\\\/produto\\\/sinalizador-visual-e-acustico-enderecavel-tecnohold-safira-avalon\\\/#primaryimage\"},\"image\":{\"@id\":\"https:\\\/\\\/mapeengenharia.com.br\\\/loja\\\/produto\\\/sinalizador-visual-e-acustico-enderecavel-tecnohold-safira-avalon\\\/#primaryimage\"},\"thumbnailUrl\":\"https:\\\/\\\/mapeengenharia.com.br\\\/loja\\\/wp-content\\\/uploads\\\/2025\\\/01\\\/15321963666-loja2.png\",\"datePublished\":\"2025-01-28T16:44:54+00:00\",\"dateModified\":\"2026-04-29T14:21:42+00:00\",\"description\":\"Sinalizador Visual e Ac\u00fastico Endere\u00e7\u00e1vel Tecnohold - Safira\\\/Avalon\",\"breadcrumb\":{\"@id\":\"https:\\\/\\\/mapeengenharia.com.br\\\/loja\\\/produto\\\/sinalizador-visual-e-acustico-enderecavel-tecnohold-safira-avalon\\\/#breadcrumb\"},\"inLanguage\":\"pt-BR\",\"potentialAction\":[{\"@type\":\"ReadAction\",\"target\":[\"https:\\\/\\\/mapeengenharia.com.br\\\/loja\\\/produto\\\/sinalizador-visual-e-acustico-enderecavel-tecnohold-safira-avalon\\\/\"]}]},{\"@type\":\"ImageObject\",\"inLanguage\":\"pt-BR\",\"@id\":\"https:\\\/\\\/mapeengenharia.com.br\\\/loja\\\/produto\\\/sinalizador-visual-e-acustico-enderecavel-tecnohold-safira-avalon\\\/#primaryimage\",\"url\":\"https:\\\/\\\/mapeengenharia.com.br\\\/loja\\\/wp-content\\\/uploads\\\/2025\\\/01\\\/15321963666-loja2.png\",\"contentUrl\":\"https:\\\/\\\/mapeengenharia.com.br\\\/loja\\\/wp-content\\\/uploads\\\/2025\\\/01\\\/15321963666-loja2.png\",\"width\":500,\"height\":600},{\"@type\":\"BreadcrumbList\",\"@id\":\"https:\\\/\\\/mapeengenharia.com.br\\\/loja\\\/produto\\\/sinalizador-visual-e-acustico-enderecavel-tecnohold-safira-avalon\\\/#breadcrumb\",\"itemListElement\":[{\"@type\":\"ListItem\",\"position\":1,\"name\":\"In\u00edcio\",\"item\":\"https:\\\/\\\/mapeengenharia.com.br\\\/loja\\\/\"},{\"@type\":\"ListItem\",\"position\":2,\"name\":\"Loja\",\"item\":\"https:\\\/\\\/mapeengenharia.com.br\\\/loja\\\/loja\\\/\"},{\"@type\":\"ListItem\",\"position\":3,\"name\":\"Sinalizador Visual e Ac\u00fastico Endere\u00e7\u00e1vel Tecnohold &#8211; Safira\\\/Avalon\"}]},{\"@type\":\"WebSite\",\"@id\":\"https:\\\/\\\/mapeengenharia.com.br\\\/loja\\\/#website\",\"url\":\"https:\\\/\\\/mapeengenharia.com.br\\\/loja\\\/\",\"name\":\"Mape Com\u00e9rcio de Produtos Preventivos de Inc\u00eandio\",\"description\":\"A Casa do Condom\u00ednio\",\"potentialAction\":[{\"@type\":\"SearchAction\",\"target\":{\"@type\":\"EntryPoint\",\"urlTemplate\":\"https:\\\/\\\/mapeengenharia.com.br\\\/loja\\\/?s={search_term_string}\"},\"query-input\":{\"@type\":\"PropertyValueSpecification\",\"valueRequired\":true,\"valueName\":\"search_term_string\"}}],\"inLanguage\":\"pt-BR\"}]}<\/script>\n<!-- \/ Yoast SEO plugin. -->","yoast_head_json":{"title":"Sinalizador Visual e Ac\u00fastico Endere\u00e7\u00e1vel Tecnohold - Safira\/Avalon - Mape Com\u00e9rcio de Produtos Preventivos de Inc\u00eandio","description":"Sinalizador Visual e Ac\u00fastico Endere\u00e7\u00e1vel Tecnohold - Safira\/Avalon","robots":{"index":"index","follow":"follow","max-snippet":"max-snippet:-1","max-image-preview":"max-image-preview:large","max-video-preview":"max-video-preview:-1"},"canonical":"https:\/\/mapeengenharia.com.br\/loja\/produto\/sinalizador-visual-e-acustico-enderecavel-tecnohold-safira-avalon\/","og_locale":"pt_BR","og_type":"article","og_title":"Sinalizador Visual e Ac\u00fastico Endere\u00e7\u00e1vel Tecnohold - Safira\/Avalon - Mape Com\u00e9rcio de Produtos Preventivos de Inc\u00eandio","og_description":"Sinalizador Visual e Ac\u00fastico Endere\u00e7\u00e1vel Tecnohold - Safira\/Avalon","og_url":"https:\/\/mapeengenharia.com.br\/loja\/produto\/sinalizador-visual-e-acustico-enderecavel-tecnohold-safira-avalon\/","og_site_name":"Mape Com\u00e9rcio de Produtos Preventivos de Inc\u00eandio","article_modified_time":"2026-04-29T14:21:42+00:00","og_image":[{"width":500,"height":600,"url":"https:\/\/mapeengenharia.com.br\/loja\/wp-content\/uploads\/2025\/01\/15321963666-loja2.png","type":"image\/png"}],"twitter_card":"summary_large_image","twitter_misc":{"Est. tempo de leitura":"1 minuto"},"schema":{"@context":"https:\/\/schema.org","@graph":[{"@type":"WebPage","@id":"https:\/\/mapeengenharia.com.br\/loja\/produto\/sinalizador-visual-e-acustico-enderecavel-tecnohold-safira-avalon\/","url":"https:\/\/mapeengenharia.com.br\/loja\/produto\/sinalizador-visual-e-acustico-enderecavel-tecnohold-safira-avalon\/","name":"Sinalizador Visual e Ac\u00fastico Endere\u00e7\u00e1vel Tecnohold - Safira\/Avalon - Mape Com\u00e9rcio de Produtos Preventivos de Inc\u00eandio","isPartOf":{"@id":"https:\/\/mapeengenharia.com.br\/loja\/#website"},"primaryImageOfPage":{"@id":"https:\/\/mapeengenharia.com.br\/loja\/produto\/sinalizador-visual-e-acustico-enderecavel-tecnohold-safira-avalon\/#primaryimage"},"image":{"@id":"https:\/\/mapeengenharia.com.br\/loja\/produto\/sinalizador-visual-e-acustico-enderecavel-tecnohold-safira-avalon\/#primaryimage"},"thumbnailUrl":"https:\/\/mapeengenharia.com.br\/loja\/wp-content\/uploads\/2025\/01\/15321963666-loja2.png","datePublished":"2025-01-28T16:44:54+00:00","dateModified":"2026-04-29T14:21:42+00:00","description":"Sinalizador Visual e Ac\u00fastico Endere\u00e7\u00e1vel Tecnohold - Safira\/Avalon","breadcrumb":{"@id":"https:\/\/mapeengenharia.com.br\/loja\/produto\/sinalizador-visual-e-acustico-enderecavel-tecnohold-safira-avalon\/#breadcrumb"},"inLanguage":"pt-BR","potentialAction":[{"@type":"ReadAction","target":["https:\/\/mapeengenharia.com.br\/loja\/produto\/sinalizador-visual-e-acustico-enderecavel-tecnohold-safira-avalon\/"]}]},{"@type":"ImageObject","inLanguage":"pt-BR","@id":"https:\/\/mapeengenharia.com.br\/loja\/produto\/sinalizador-visual-e-acustico-enderecavel-tecnohold-safira-avalon\/#primaryimage","url":"https:\/\/mapeengenharia.com.br\/loja\/wp-content\/uploads\/2025\/01\/15321963666-loja2.png","contentUrl":"https:\/\/mapeengenharia.com.br\/loja\/wp-content\/uploads\/2025\/01\/15321963666-loja2.png","width":500,"height":600},{"@type":"BreadcrumbList","@id":"https:\/\/mapeengenharia.com.br\/loja\/produto\/sinalizador-visual-e-acustico-enderecavel-tecnohold-safira-avalon\/#breadcrumb","itemListElement":[{"@type":"ListItem","position":1,"name":"In\u00edcio","item":"https:\/\/mapeengenharia.com.br\/loja\/"},{"@type":"ListItem","position":2,"name":"Loja","item":"https:\/\/mapeengenharia.com.br\/loja\/loja\/"},{"@type":"ListItem","position":3,"name":"Sinalizador Visual e Ac\u00fastico Endere\u00e7\u00e1vel Tecnohold &#8211; Safira\/Avalon"}]},{"@type":"WebSite","@id":"https:\/\/mapeengenharia.com.br\/loja\/#website","url":"https:\/\/mapeengenharia.com.br\/loja\/","name":"Mape Com\u00e9rcio de Produtos Preventivos de Inc\u00eandio","description":"A Casa do Condom\u00ednio","potentialAction":[{"@type":"SearchAction","target":{"@type":"EntryPoint","urlTemplate":"https:\/\/mapeengenharia.com.br\/loja\/?s={search_term_string}"},"query-input":{"@type":"PropertyValueSpecification","valueRequired":true,"valueName":"search_term_string"}}],"inLanguage":"pt-BR"}]}},"_links":{"self":[{"href":"https:\/\/mapeengenharia.com.br\/loja\/wp-json\/wp\/v2\/product\/1064","targetHints":{"allow":["GET"]}}],"collection":[{"href":"https:\/\/mapeengenharia.com.br\/loja\/wp-json\/wp\/v2\/product"}],"about":[{"href":"https:\/\/mapeengenharia.com.br\/loja\/wp-json\/wp\/v2\/types\/product"}],"replies":[{"embeddable":true,"href":"https:\/\/mapeengenharia.com.br\/loja\/wp-json\/wp\/v2\/comments?post=1064"}],"wp:featuredmedia":[{"embeddable":true,"href":"https:\/\/mapeengenharia.com.br\/loja\/wp-json\/wp\/v2\/media\/1031"}],"wp:attachment":[{"href":"https:\/\/mapeengenharia.com.br\/loja\/wp-json\/wp\/v2\/media?parent=1064"}],"wp:term":[{"taxonomy":"product_brand","embeddable":true,"href":"https:\/\/mapeengenharia.com.br\/loja\/wp-json\/wp\/v2\/product_brand?post=1064"},{"taxonomy":"product_cat","embeddable":true,"href":"https:\/\/mapeengenharia.com.br\/loja\/wp-json\/wp\/v2\/product_cat?post=1064"},{"taxonomy":"product_tag","embeddable":true,"href":"https:\/\/mapeengenharia.com.br\/loja\/wp-json\/wp\/v2\/product_tag?post=1064"}],"curies":[{"name":"wp","href":"https:\/\/api.w.org\/{rel}","templated":true}]}}