{"id":683,"date":"2024-12-18T12:18:21","date_gmt":"2024-12-18T15:18:21","guid":{"rendered":"https:\/\/mapeengenharia.com.br\/loja\/produto\/bucha-reducao-mastro-captor-1-1-2-aluminio-de-pressao\/"},"modified":"2026-04-20T10:47:54","modified_gmt":"2026-04-20T13:47:54","slug":"bucha-reducao-mastro-captor-1-1-2-aluminio-de-pressao","status":"publish","type":"product","link":"https:\/\/mapeengenharia.com.br\/loja\/produto\/bucha-reducao-mastro-captor-1-1-2-aluminio-de-pressao\/","title":{"rendered":"Bucha Redu\u00e7\u00e3o Mastro\/Captor, 1.1\/2&#8221;, Alum\u00ednio de press\u00e3o"},"content":{"rendered":"","protected":false},"excerpt":{"rendered":"<p>Bucha Redu\u00e7\u00e3o Mastro\/Captor, 1.1\/2&#8221;, Alum\u00ednio de press\u00e3o<\/p>\n","protected":false},"featured_media":685,"comment_status":"open","ping_status":"closed","template":"","meta":[],"product_brand":[],"product_cat":[61],"product_tag":[],"class_list":{"0":"post-683","1":"product","2":"type-product","3":"status-publish","4":"has-post-thumbnail","6":"product_cat-spda-para-raios","8":"first","9":"instock","10":"taxable","11":"shipping-taxable","12":"purchasable","13":"product-type-simple"},"yoast_head":"<!-- This site is optimized with the Yoast SEO plugin v27.4 - https:\/\/yoast.com\/product\/yoast-seo-wordpress\/ -->\n<title>Bucha Redu\u00e7\u00e3o Mastro\/Captor, 1.1\/2&#039;&#039;, Alum\u00ednio de press\u00e3o - Mape Com\u00e9rcio de Produtos Preventivos de Inc\u00eandio<\/title>\n<meta name=\"description\" content=\"Bucha Redu\u00e7\u00e3o Mastro\/Captor, 1.1\/2&#039;&#039;, Alum\u00ednio de press\u00e3o\" \/>\n<meta name=\"robots\" content=\"index, follow, max-snippet:-1, max-image-preview:large, max-video-preview:-1\" \/>\n<link rel=\"canonical\" href=\"https:\/\/mapeengenharia.com.br\/loja\/produto\/bucha-reducao-mastro-captor-1-1-2-aluminio-de-pressao\/\" \/>\n<meta property=\"og:locale\" content=\"pt_BR\" \/>\n<meta property=\"og:type\" content=\"article\" \/>\n<meta property=\"og:title\" content=\"Bucha Redu\u00e7\u00e3o Mastro\/Captor, 1.1\/2&#039;&#039;, Alum\u00ednio de press\u00e3o - Mape Com\u00e9rcio de Produtos Preventivos de Inc\u00eandio\" \/>\n<meta property=\"og:description\" content=\"Bucha Redu\u00e7\u00e3o Mastro\/Captor, 1.1\/2&#039;&#039;, Alum\u00ednio de press\u00e3o\" \/>\n<meta property=\"og:url\" content=\"https:\/\/mapeengenharia.com.br\/loja\/produto\/bucha-reducao-mastro-captor-1-1-2-aluminio-de-pressao\/\" \/>\n<meta property=\"og:site_name\" content=\"Mape Com\u00e9rcio de Produtos Preventivos de Inc\u00eandio\" \/>\n<meta property=\"article:modified_time\" content=\"2026-04-20T13:47:54+00:00\" \/>\n<meta property=\"og:image\" content=\"https:\/\/mapeengenharia.com.br\/loja\/wp-content\/uploads\/2024\/12\/Loja1-5.png\" \/>\n\t<meta property=\"og:image:width\" content=\"500\" \/>\n\t<meta property=\"og:image:height\" content=\"600\" \/>\n\t<meta property=\"og:image:type\" content=\"image\/png\" \/>\n<meta name=\"twitter:card\" content=\"summary_large_image\" \/>\n<meta name=\"twitter:label1\" content=\"Est. tempo de leitura\" \/>\n\t<meta name=\"twitter:data1\" content=\"1 minuto\" \/>\n<script type=\"application\/ld+json\" class=\"yoast-schema-graph\">{\"@context\":\"https:\\\/\\\/schema.org\",\"@graph\":[{\"@type\":\"WebPage\",\"@id\":\"https:\\\/\\\/mapeengenharia.com.br\\\/loja\\\/produto\\\/bucha-reducao-mastro-captor-1-1-2-aluminio-de-pressao\\\/\",\"url\":\"https:\\\/\\\/mapeengenharia.com.br\\\/loja\\\/produto\\\/bucha-reducao-mastro-captor-1-1-2-aluminio-de-pressao\\\/\",\"name\":\"Bucha Redu\u00e7\u00e3o Mastro\\\/Captor, 1.1\\\/2'', Alum\u00ednio de press\u00e3o - Mape Com\u00e9rcio de Produtos Preventivos de Inc\u00eandio\",\"isPartOf\":{\"@id\":\"https:\\\/\\\/mapeengenharia.com.br\\\/loja\\\/#website\"},\"primaryImageOfPage\":{\"@id\":\"https:\\\/\\\/mapeengenharia.com.br\\\/loja\\\/produto\\\/bucha-reducao-mastro-captor-1-1-2-aluminio-de-pressao\\\/#primaryimage\"},\"image\":{\"@id\":\"https:\\\/\\\/mapeengenharia.com.br\\\/loja\\\/produto\\\/bucha-reducao-mastro-captor-1-1-2-aluminio-de-pressao\\\/#primaryimage\"},\"thumbnailUrl\":\"https:\\\/\\\/mapeengenharia.com.br\\\/loja\\\/wp-content\\\/uploads\\\/2024\\\/12\\\/Loja1-5.png\",\"datePublished\":\"2024-12-18T15:18:21+00:00\",\"dateModified\":\"2026-04-20T13:47:54+00:00\",\"description\":\"Bucha Redu\u00e7\u00e3o Mastro\\\/Captor, 1.1\\\/2'', Alum\u00ednio de press\u00e3o\",\"breadcrumb\":{\"@id\":\"https:\\\/\\\/mapeengenharia.com.br\\\/loja\\\/produto\\\/bucha-reducao-mastro-captor-1-1-2-aluminio-de-pressao\\\/#breadcrumb\"},\"inLanguage\":\"pt-BR\",\"potentialAction\":[{\"@type\":\"ReadAction\",\"target\":[\"https:\\\/\\\/mapeengenharia.com.br\\\/loja\\\/produto\\\/bucha-reducao-mastro-captor-1-1-2-aluminio-de-pressao\\\/\"]}]},{\"@type\":\"ImageObject\",\"inLanguage\":\"pt-BR\",\"@id\":\"https:\\\/\\\/mapeengenharia.com.br\\\/loja\\\/produto\\\/bucha-reducao-mastro-captor-1-1-2-aluminio-de-pressao\\\/#primaryimage\",\"url\":\"https:\\\/\\\/mapeengenharia.com.br\\\/loja\\\/wp-content\\\/uploads\\\/2024\\\/12\\\/Loja1-5.png\",\"contentUrl\":\"https:\\\/\\\/mapeengenharia.com.br\\\/loja\\\/wp-content\\\/uploads\\\/2024\\\/12\\\/Loja1-5.png\",\"width\":500,\"height\":600},{\"@type\":\"BreadcrumbList\",\"@id\":\"https:\\\/\\\/mapeengenharia.com.br\\\/loja\\\/produto\\\/bucha-reducao-mastro-captor-1-1-2-aluminio-de-pressao\\\/#breadcrumb\",\"itemListElement\":[{\"@type\":\"ListItem\",\"position\":1,\"name\":\"In\u00edcio\",\"item\":\"https:\\\/\\\/mapeengenharia.com.br\\\/loja\\\/\"},{\"@type\":\"ListItem\",\"position\":2,\"name\":\"Loja\",\"item\":\"https:\\\/\\\/mapeengenharia.com.br\\\/loja\\\/loja\\\/\"},{\"@type\":\"ListItem\",\"position\":3,\"name\":\"Bucha Redu\u00e7\u00e3o Mastro\\\/Captor, 1.1\\\/2&#8221;, Alum\u00ednio de press\u00e3o\"}]},{\"@type\":\"WebSite\",\"@id\":\"https:\\\/\\\/mapeengenharia.com.br\\\/loja\\\/#website\",\"url\":\"https:\\\/\\\/mapeengenharia.com.br\\\/loja\\\/\",\"name\":\"Mape Com\u00e9rcio de Produtos Preventivos de Inc\u00eandio\",\"description\":\"A Casa do Condom\u00ednio\",\"potentialAction\":[{\"@type\":\"SearchAction\",\"target\":{\"@type\":\"EntryPoint\",\"urlTemplate\":\"https:\\\/\\\/mapeengenharia.com.br\\\/loja\\\/?s={search_term_string}\"},\"query-input\":{\"@type\":\"PropertyValueSpecification\",\"valueRequired\":true,\"valueName\":\"search_term_string\"}}],\"inLanguage\":\"pt-BR\"}]}<\/script>\n<!-- \/ Yoast SEO plugin. -->","yoast_head_json":{"title":"Bucha Redu\u00e7\u00e3o Mastro\/Captor, 1.1\/2'', Alum\u00ednio de press\u00e3o - Mape Com\u00e9rcio de Produtos Preventivos de Inc\u00eandio","description":"Bucha Redu\u00e7\u00e3o Mastro\/Captor, 1.1\/2'', Alum\u00ednio de press\u00e3o","robots":{"index":"index","follow":"follow","max-snippet":"max-snippet:-1","max-image-preview":"max-image-preview:large","max-video-preview":"max-video-preview:-1"},"canonical":"https:\/\/mapeengenharia.com.br\/loja\/produto\/bucha-reducao-mastro-captor-1-1-2-aluminio-de-pressao\/","og_locale":"pt_BR","og_type":"article","og_title":"Bucha Redu\u00e7\u00e3o Mastro\/Captor, 1.1\/2'', Alum\u00ednio de press\u00e3o - Mape Com\u00e9rcio de Produtos Preventivos de Inc\u00eandio","og_description":"Bucha Redu\u00e7\u00e3o Mastro\/Captor, 1.1\/2'', Alum\u00ednio de press\u00e3o","og_url":"https:\/\/mapeengenharia.com.br\/loja\/produto\/bucha-reducao-mastro-captor-1-1-2-aluminio-de-pressao\/","og_site_name":"Mape Com\u00e9rcio de Produtos Preventivos de Inc\u00eandio","article_modified_time":"2026-04-20T13:47:54+00:00","og_image":[{"width":500,"height":600,"url":"https:\/\/mapeengenharia.com.br\/loja\/wp-content\/uploads\/2024\/12\/Loja1-5.png","type":"image\/png"}],"twitter_card":"summary_large_image","twitter_misc":{"Est. tempo de leitura":"1 minuto"},"schema":{"@context":"https:\/\/schema.org","@graph":[{"@type":"WebPage","@id":"https:\/\/mapeengenharia.com.br\/loja\/produto\/bucha-reducao-mastro-captor-1-1-2-aluminio-de-pressao\/","url":"https:\/\/mapeengenharia.com.br\/loja\/produto\/bucha-reducao-mastro-captor-1-1-2-aluminio-de-pressao\/","name":"Bucha Redu\u00e7\u00e3o Mastro\/Captor, 1.1\/2'', Alum\u00ednio de press\u00e3o - Mape Com\u00e9rcio de Produtos Preventivos de Inc\u00eandio","isPartOf":{"@id":"https:\/\/mapeengenharia.com.br\/loja\/#website"},"primaryImageOfPage":{"@id":"https:\/\/mapeengenharia.com.br\/loja\/produto\/bucha-reducao-mastro-captor-1-1-2-aluminio-de-pressao\/#primaryimage"},"image":{"@id":"https:\/\/mapeengenharia.com.br\/loja\/produto\/bucha-reducao-mastro-captor-1-1-2-aluminio-de-pressao\/#primaryimage"},"thumbnailUrl":"https:\/\/mapeengenharia.com.br\/loja\/wp-content\/uploads\/2024\/12\/Loja1-5.png","datePublished":"2024-12-18T15:18:21+00:00","dateModified":"2026-04-20T13:47:54+00:00","description":"Bucha Redu\u00e7\u00e3o Mastro\/Captor, 1.1\/2'', Alum\u00ednio de press\u00e3o","breadcrumb":{"@id":"https:\/\/mapeengenharia.com.br\/loja\/produto\/bucha-reducao-mastro-captor-1-1-2-aluminio-de-pressao\/#breadcrumb"},"inLanguage":"pt-BR","potentialAction":[{"@type":"ReadAction","target":["https:\/\/mapeengenharia.com.br\/loja\/produto\/bucha-reducao-mastro-captor-1-1-2-aluminio-de-pressao\/"]}]},{"@type":"ImageObject","inLanguage":"pt-BR","@id":"https:\/\/mapeengenharia.com.br\/loja\/produto\/bucha-reducao-mastro-captor-1-1-2-aluminio-de-pressao\/#primaryimage","url":"https:\/\/mapeengenharia.com.br\/loja\/wp-content\/uploads\/2024\/12\/Loja1-5.png","contentUrl":"https:\/\/mapeengenharia.com.br\/loja\/wp-content\/uploads\/2024\/12\/Loja1-5.png","width":500,"height":600},{"@type":"BreadcrumbList","@id":"https:\/\/mapeengenharia.com.br\/loja\/produto\/bucha-reducao-mastro-captor-1-1-2-aluminio-de-pressao\/#breadcrumb","itemListElement":[{"@type":"ListItem","position":1,"name":"In\u00edcio","item":"https:\/\/mapeengenharia.com.br\/loja\/"},{"@type":"ListItem","position":2,"name":"Loja","item":"https:\/\/mapeengenharia.com.br\/loja\/loja\/"},{"@type":"ListItem","position":3,"name":"Bucha Redu\u00e7\u00e3o Mastro\/Captor, 1.1\/2&#8221;, Alum\u00ednio de press\u00e3o"}]},{"@type":"WebSite","@id":"https:\/\/mapeengenharia.com.br\/loja\/#website","url":"https:\/\/mapeengenharia.com.br\/loja\/","name":"Mape Com\u00e9rcio de Produtos Preventivos de Inc\u00eandio","description":"A Casa do Condom\u00ednio","potentialAction":[{"@type":"SearchAction","target":{"@type":"EntryPoint","urlTemplate":"https:\/\/mapeengenharia.com.br\/loja\/?s={search_term_string}"},"query-input":{"@type":"PropertyValueSpecification","valueRequired":true,"valueName":"search_term_string"}}],"inLanguage":"pt-BR"}]}},"_links":{"self":[{"href":"https:\/\/mapeengenharia.com.br\/loja\/wp-json\/wp\/v2\/product\/683","targetHints":{"allow":["GET"]}}],"collection":[{"href":"https:\/\/mapeengenharia.com.br\/loja\/wp-json\/wp\/v2\/product"}],"about":[{"href":"https:\/\/mapeengenharia.com.br\/loja\/wp-json\/wp\/v2\/types\/product"}],"replies":[{"embeddable":true,"href":"https:\/\/mapeengenharia.com.br\/loja\/wp-json\/wp\/v2\/comments?post=683"}],"wp:featuredmedia":[{"embeddable":true,"href":"https:\/\/mapeengenharia.com.br\/loja\/wp-json\/wp\/v2\/media\/685"}],"wp:attachment":[{"href":"https:\/\/mapeengenharia.com.br\/loja\/wp-json\/wp\/v2\/media?parent=683"}],"wp:term":[{"taxonomy":"product_brand","embeddable":true,"href":"https:\/\/mapeengenharia.com.br\/loja\/wp-json\/wp\/v2\/product_brand?post=683"},{"taxonomy":"product_cat","embeddable":true,"href":"https:\/\/mapeengenharia.com.br\/loja\/wp-json\/wp\/v2\/product_cat?post=683"},{"taxonomy":"product_tag","embeddable":true,"href":"https:\/\/mapeengenharia.com.br\/loja\/wp-json\/wp\/v2\/product_tag?post=683"}],"curies":[{"name":"wp","href":"https:\/\/api.w.org\/{rel}","templated":true}]}}