{"id":723,"date":"2024-12-30T10:52:45","date_gmt":"2024-12-30T13:52:45","guid":{"rendered":"https:\/\/mapeengenharia.com.br\/loja\/produto\/caixa-de-equipotencializacao-40-cm-x-40-cm-sobrepor-c-11-terminais\/"},"modified":"2024-12-30T11:00:39","modified_gmt":"2024-12-30T14:00:39","slug":"caixa-de-equipotencializacao-40-cm-x-40-cm-sobrepor-c-11-terminais","status":"publish","type":"product","link":"https:\/\/mapeengenharia.com.br\/loja\/produto\/caixa-de-equipotencializacao-40-cm-x-40-cm-sobrepor-c-11-terminais\/","title":{"rendered":"Caixa de Equipotencializa\u00e7\u00e3o 40 cm X 40 cm Sobrepor c\/ 11 Terminais"},"content":{"rendered":"","protected":false},"excerpt":{"rendered":"<p>Caixa de Equipotencializa\u00e7\u00e3o de Sobrepor 40 cm X 40 cm<\/p>\n","protected":false},"featured_media":726,"comment_status":"open","ping_status":"closed","template":"","meta":[],"product_brand":[],"product_cat":[61],"product_tag":[],"class_list":{"0":"post-723","1":"product","2":"type-product","3":"status-publish","4":"has-post-thumbnail","6":"product_cat-spda-para-raios","8":"first","9":"instock","10":"taxable","11":"shipping-taxable","12":"purchasable","13":"product-type-simple"},"yoast_head":"<!-- This site is optimized with the Yoast SEO plugin v27.4 - https:\/\/yoast.com\/product\/yoast-seo-wordpress\/ -->\n<title>Caixa de Equipotencializa\u00e7\u00e3o 40 cm X 40 cm Sobrepor c\/ 11 Terminais - Mape Com\u00e9rcio de Produtos Preventivos de Inc\u00eandio<\/title>\n<meta name=\"description\" content=\"Caixa de Equipotencializa\u00e7\u00e3o 40 cm X 40 cm Sobrepor c\/ 11 Terminais\" \/>\n<meta name=\"robots\" content=\"index, follow, max-snippet:-1, max-image-preview:large, max-video-preview:-1\" \/>\n<link rel=\"canonical\" href=\"https:\/\/mapeengenharia.com.br\/loja\/produto\/caixa-de-equipotencializacao-40-cm-x-40-cm-sobrepor-c-11-terminais\/\" \/>\n<meta property=\"og:locale\" content=\"pt_BR\" \/>\n<meta property=\"og:type\" content=\"article\" \/>\n<meta property=\"og:title\" content=\"Caixa de Equipotencializa\u00e7\u00e3o 40 cm X 40 cm Sobrepor c\/ 11 Terminais - Mape Com\u00e9rcio de Produtos Preventivos de Inc\u00eandio\" \/>\n<meta property=\"og:description\" content=\"Caixa de Equipotencializa\u00e7\u00e3o 40 cm X 40 cm Sobrepor c\/ 11 Terminais\" \/>\n<meta property=\"og:url\" content=\"https:\/\/mapeengenharia.com.br\/loja\/produto\/caixa-de-equipotencializacao-40-cm-x-40-cm-sobrepor-c-11-terminais\/\" \/>\n<meta property=\"og:site_name\" content=\"Mape Com\u00e9rcio de Produtos Preventivos de Inc\u00eandio\" \/>\n<meta property=\"article:modified_time\" content=\"2024-12-30T14:00:39+00:00\" \/>\n<meta property=\"og:image\" content=\"https:\/\/mapeengenharia.com.br\/loja\/wp-content\/uploads\/2024\/12\/LOja7-1.png\" \/>\n\t<meta property=\"og:image:width\" content=\"650\" \/>\n\t<meta property=\"og:image:height\" content=\"500\" \/>\n\t<meta property=\"og:image:type\" content=\"image\/png\" \/>\n<meta name=\"twitter:card\" content=\"summary_large_image\" \/>\n<meta name=\"twitter:label1\" content=\"Est. tempo de leitura\" \/>\n\t<meta name=\"twitter:data1\" content=\"1 minuto\" \/>\n<script type=\"application\/ld+json\" class=\"yoast-schema-graph\">{\"@context\":\"https:\\\/\\\/schema.org\",\"@graph\":[{\"@type\":\"WebPage\",\"@id\":\"https:\\\/\\\/mapeengenharia.com.br\\\/loja\\\/produto\\\/caixa-de-equipotencializacao-40-cm-x-40-cm-sobrepor-c-11-terminais\\\/\",\"url\":\"https:\\\/\\\/mapeengenharia.com.br\\\/loja\\\/produto\\\/caixa-de-equipotencializacao-40-cm-x-40-cm-sobrepor-c-11-terminais\\\/\",\"name\":\"Caixa de Equipotencializa\u00e7\u00e3o 40 cm X 40 cm Sobrepor c\\\/ 11 Terminais - Mape Com\u00e9rcio de Produtos Preventivos de Inc\u00eandio\",\"isPartOf\":{\"@id\":\"https:\\\/\\\/mapeengenharia.com.br\\\/loja\\\/#website\"},\"primaryImageOfPage\":{\"@id\":\"https:\\\/\\\/mapeengenharia.com.br\\\/loja\\\/produto\\\/caixa-de-equipotencializacao-40-cm-x-40-cm-sobrepor-c-11-terminais\\\/#primaryimage\"},\"image\":{\"@id\":\"https:\\\/\\\/mapeengenharia.com.br\\\/loja\\\/produto\\\/caixa-de-equipotencializacao-40-cm-x-40-cm-sobrepor-c-11-terminais\\\/#primaryimage\"},\"thumbnailUrl\":\"https:\\\/\\\/mapeengenharia.com.br\\\/loja\\\/wp-content\\\/uploads\\\/2024\\\/12\\\/LOja7-1.png\",\"datePublished\":\"2024-12-30T13:52:45+00:00\",\"dateModified\":\"2024-12-30T14:00:39+00:00\",\"description\":\"Caixa de Equipotencializa\u00e7\u00e3o 40 cm X 40 cm Sobrepor c\\\/ 11 Terminais\",\"breadcrumb\":{\"@id\":\"https:\\\/\\\/mapeengenharia.com.br\\\/loja\\\/produto\\\/caixa-de-equipotencializacao-40-cm-x-40-cm-sobrepor-c-11-terminais\\\/#breadcrumb\"},\"inLanguage\":\"pt-BR\",\"potentialAction\":[{\"@type\":\"ReadAction\",\"target\":[\"https:\\\/\\\/mapeengenharia.com.br\\\/loja\\\/produto\\\/caixa-de-equipotencializacao-40-cm-x-40-cm-sobrepor-c-11-terminais\\\/\"]}]},{\"@type\":\"ImageObject\",\"inLanguage\":\"pt-BR\",\"@id\":\"https:\\\/\\\/mapeengenharia.com.br\\\/loja\\\/produto\\\/caixa-de-equipotencializacao-40-cm-x-40-cm-sobrepor-c-11-terminais\\\/#primaryimage\",\"url\":\"https:\\\/\\\/mapeengenharia.com.br\\\/loja\\\/wp-content\\\/uploads\\\/2024\\\/12\\\/LOja7-1.png\",\"contentUrl\":\"https:\\\/\\\/mapeengenharia.com.br\\\/loja\\\/wp-content\\\/uploads\\\/2024\\\/12\\\/LOja7-1.png\",\"width\":650,\"height\":500},{\"@type\":\"BreadcrumbList\",\"@id\":\"https:\\\/\\\/mapeengenharia.com.br\\\/loja\\\/produto\\\/caixa-de-equipotencializacao-40-cm-x-40-cm-sobrepor-c-11-terminais\\\/#breadcrumb\",\"itemListElement\":[{\"@type\":\"ListItem\",\"position\":1,\"name\":\"In\u00edcio\",\"item\":\"https:\\\/\\\/mapeengenharia.com.br\\\/loja\\\/\"},{\"@type\":\"ListItem\",\"position\":2,\"name\":\"Loja\",\"item\":\"https:\\\/\\\/mapeengenharia.com.br\\\/loja\\\/loja\\\/\"},{\"@type\":\"ListItem\",\"position\":3,\"name\":\"Caixa de Equipotencializa\u00e7\u00e3o 40 cm X 40 cm Sobrepor c\\\/ 11 Terminais\"}]},{\"@type\":\"WebSite\",\"@id\":\"https:\\\/\\\/mapeengenharia.com.br\\\/loja\\\/#website\",\"url\":\"https:\\\/\\\/mapeengenharia.com.br\\\/loja\\\/\",\"name\":\"Mape Com\u00e9rcio de Produtos Preventivos de Inc\u00eandio\",\"description\":\"A Casa do Condom\u00ednio\",\"potentialAction\":[{\"@type\":\"SearchAction\",\"target\":{\"@type\":\"EntryPoint\",\"urlTemplate\":\"https:\\\/\\\/mapeengenharia.com.br\\\/loja\\\/?s={search_term_string}\"},\"query-input\":{\"@type\":\"PropertyValueSpecification\",\"valueRequired\":true,\"valueName\":\"search_term_string\"}}],\"inLanguage\":\"pt-BR\"}]}<\/script>\n<!-- \/ Yoast SEO plugin. -->","yoast_head_json":{"title":"Caixa de Equipotencializa\u00e7\u00e3o 40 cm X 40 cm Sobrepor c\/ 11 Terminais - Mape Com\u00e9rcio de Produtos Preventivos de Inc\u00eandio","description":"Caixa de Equipotencializa\u00e7\u00e3o 40 cm X 40 cm Sobrepor c\/ 11 Terminais","robots":{"index":"index","follow":"follow","max-snippet":"max-snippet:-1","max-image-preview":"max-image-preview:large","max-video-preview":"max-video-preview:-1"},"canonical":"https:\/\/mapeengenharia.com.br\/loja\/produto\/caixa-de-equipotencializacao-40-cm-x-40-cm-sobrepor-c-11-terminais\/","og_locale":"pt_BR","og_type":"article","og_title":"Caixa de Equipotencializa\u00e7\u00e3o 40 cm X 40 cm Sobrepor c\/ 11 Terminais - Mape Com\u00e9rcio de Produtos Preventivos de Inc\u00eandio","og_description":"Caixa de Equipotencializa\u00e7\u00e3o 40 cm X 40 cm Sobrepor c\/ 11 Terminais","og_url":"https:\/\/mapeengenharia.com.br\/loja\/produto\/caixa-de-equipotencializacao-40-cm-x-40-cm-sobrepor-c-11-terminais\/","og_site_name":"Mape Com\u00e9rcio de Produtos Preventivos de Inc\u00eandio","article_modified_time":"2024-12-30T14:00:39+00:00","og_image":[{"width":650,"height":500,"url":"https:\/\/mapeengenharia.com.br\/loja\/wp-content\/uploads\/2024\/12\/LOja7-1.png","type":"image\/png"}],"twitter_card":"summary_large_image","twitter_misc":{"Est. tempo de leitura":"1 minuto"},"schema":{"@context":"https:\/\/schema.org","@graph":[{"@type":"WebPage","@id":"https:\/\/mapeengenharia.com.br\/loja\/produto\/caixa-de-equipotencializacao-40-cm-x-40-cm-sobrepor-c-11-terminais\/","url":"https:\/\/mapeengenharia.com.br\/loja\/produto\/caixa-de-equipotencializacao-40-cm-x-40-cm-sobrepor-c-11-terminais\/","name":"Caixa de Equipotencializa\u00e7\u00e3o 40 cm X 40 cm Sobrepor c\/ 11 Terminais - Mape Com\u00e9rcio de Produtos Preventivos de Inc\u00eandio","isPartOf":{"@id":"https:\/\/mapeengenharia.com.br\/loja\/#website"},"primaryImageOfPage":{"@id":"https:\/\/mapeengenharia.com.br\/loja\/produto\/caixa-de-equipotencializacao-40-cm-x-40-cm-sobrepor-c-11-terminais\/#primaryimage"},"image":{"@id":"https:\/\/mapeengenharia.com.br\/loja\/produto\/caixa-de-equipotencializacao-40-cm-x-40-cm-sobrepor-c-11-terminais\/#primaryimage"},"thumbnailUrl":"https:\/\/mapeengenharia.com.br\/loja\/wp-content\/uploads\/2024\/12\/LOja7-1.png","datePublished":"2024-12-30T13:52:45+00:00","dateModified":"2024-12-30T14:00:39+00:00","description":"Caixa de Equipotencializa\u00e7\u00e3o 40 cm X 40 cm Sobrepor c\/ 11 Terminais","breadcrumb":{"@id":"https:\/\/mapeengenharia.com.br\/loja\/produto\/caixa-de-equipotencializacao-40-cm-x-40-cm-sobrepor-c-11-terminais\/#breadcrumb"},"inLanguage":"pt-BR","potentialAction":[{"@type":"ReadAction","target":["https:\/\/mapeengenharia.com.br\/loja\/produto\/caixa-de-equipotencializacao-40-cm-x-40-cm-sobrepor-c-11-terminais\/"]}]},{"@type":"ImageObject","inLanguage":"pt-BR","@id":"https:\/\/mapeengenharia.com.br\/loja\/produto\/caixa-de-equipotencializacao-40-cm-x-40-cm-sobrepor-c-11-terminais\/#primaryimage","url":"https:\/\/mapeengenharia.com.br\/loja\/wp-content\/uploads\/2024\/12\/LOja7-1.png","contentUrl":"https:\/\/mapeengenharia.com.br\/loja\/wp-content\/uploads\/2024\/12\/LOja7-1.png","width":650,"height":500},{"@type":"BreadcrumbList","@id":"https:\/\/mapeengenharia.com.br\/loja\/produto\/caixa-de-equipotencializacao-40-cm-x-40-cm-sobrepor-c-11-terminais\/#breadcrumb","itemListElement":[{"@type":"ListItem","position":1,"name":"In\u00edcio","item":"https:\/\/mapeengenharia.com.br\/loja\/"},{"@type":"ListItem","position":2,"name":"Loja","item":"https:\/\/mapeengenharia.com.br\/loja\/loja\/"},{"@type":"ListItem","position":3,"name":"Caixa de Equipotencializa\u00e7\u00e3o 40 cm X 40 cm Sobrepor c\/ 11 Terminais"}]},{"@type":"WebSite","@id":"https:\/\/mapeengenharia.com.br\/loja\/#website","url":"https:\/\/mapeengenharia.com.br\/loja\/","name":"Mape Com\u00e9rcio de Produtos Preventivos de Inc\u00eandio","description":"A Casa do Condom\u00ednio","potentialAction":[{"@type":"SearchAction","target":{"@type":"EntryPoint","urlTemplate":"https:\/\/mapeengenharia.com.br\/loja\/?s={search_term_string}"},"query-input":{"@type":"PropertyValueSpecification","valueRequired":true,"valueName":"search_term_string"}}],"inLanguage":"pt-BR"}]}},"_links":{"self":[{"href":"https:\/\/mapeengenharia.com.br\/loja\/wp-json\/wp\/v2\/product\/723","targetHints":{"allow":["GET"]}}],"collection":[{"href":"https:\/\/mapeengenharia.com.br\/loja\/wp-json\/wp\/v2\/product"}],"about":[{"href":"https:\/\/mapeengenharia.com.br\/loja\/wp-json\/wp\/v2\/types\/product"}],"replies":[{"embeddable":true,"href":"https:\/\/mapeengenharia.com.br\/loja\/wp-json\/wp\/v2\/comments?post=723"}],"wp:featuredmedia":[{"embeddable":true,"href":"https:\/\/mapeengenharia.com.br\/loja\/wp-json\/wp\/v2\/media\/726"}],"wp:attachment":[{"href":"https:\/\/mapeengenharia.com.br\/loja\/wp-json\/wp\/v2\/media?parent=723"}],"wp:term":[{"taxonomy":"product_brand","embeddable":true,"href":"https:\/\/mapeengenharia.com.br\/loja\/wp-json\/wp\/v2\/product_brand?post=723"},{"taxonomy":"product_cat","embeddable":true,"href":"https:\/\/mapeengenharia.com.br\/loja\/wp-json\/wp\/v2\/product_cat?post=723"},{"taxonomy":"product_tag","embeddable":true,"href":"https:\/\/mapeengenharia.com.br\/loja\/wp-json\/wp\/v2\/product_tag?post=723"}],"curies":[{"name":"wp","href":"https:\/\/api.w.org\/{rel}","templated":true}]}}