{"id":810,"date":"2025-01-10T17:44:24","date_gmt":"2025-01-10T20:44:24","guid":{"rendered":"https:\/\/mapeengenharia.com.br\/loja\/produto\/conector-splitbolt-p-f-com-rosca-mecanica-35mm\/"},"modified":"2026-04-22T21:24:30","modified_gmt":"2026-04-23T00:24:30","slug":"conector-splitbolt-p-f-com-rosca-mecanica-35mm","status":"publish","type":"product","link":"https:\/\/mapeengenharia.com.br\/loja\/produto\/conector-splitbolt-p-f-com-rosca-mecanica-35mm\/","title":{"rendered":"Conector Splitbolt P.F. com rosca mec\u00e2nica 35mm"},"content":{"rendered":"","protected":false},"excerpt":{"rendered":"<p><span style=\"color: #666666; font-family: 'Proxima Nova', -apple-system, Roboto, Arial, sans-serif; font-size: 20px;\">**<\/span><span style=\"color: #666666; font-family: 'Proxima Nova', -apple-system, Roboto, Arial, sans-serif; font-size: 20px;\">CONECTOR SPLIT BOLT 35 m\u00b2 c\/ PINO RABICHO<\/span><br style=\"color: #666666; font-family: 'Proxima Nova', -apple-system, Roboto, Arial, sans-serif; font-size: 20px;\" \/><br style=\"color: #666666; font-family: 'Proxima Nova', -apple-system, Roboto, Arial, sans-serif; font-size: 20px;\" \/><\/p>\n","protected":false},"featured_media":809,"comment_status":"open","ping_status":"closed","template":"","meta":[],"product_brand":[],"product_cat":[61],"product_tag":[],"class_list":{"0":"post-810","1":"product","2":"type-product","3":"status-publish","4":"has-post-thumbnail","6":"product_cat-spda-para-raios","8":"first","9":"instock","10":"taxable","11":"shipping-taxable","12":"purchasable","13":"product-type-simple"},"yoast_head":"<!-- This site is optimized with the Yoast SEO plugin v27.4 - https:\/\/yoast.com\/product\/yoast-seo-wordpress\/ -->\n<title>Conector Splitbolt P.F. com rosca mec\u00e2nica 35mm - Mape Com\u00e9rcio de Produtos Preventivos de Inc\u00eandio<\/title>\n<meta name=\"description\" content=\"Conector Splitbolt P.F. com rosca mec\u00e2nica 35mm\" \/>\n<meta name=\"robots\" content=\"index, follow, max-snippet:-1, max-image-preview:large, max-video-preview:-1\" \/>\n<link rel=\"canonical\" href=\"https:\/\/mapeengenharia.com.br\/loja\/produto\/conector-splitbolt-p-f-com-rosca-mecanica-35mm\/\" \/>\n<meta property=\"og:locale\" content=\"pt_BR\" \/>\n<meta property=\"og:type\" content=\"article\" \/>\n<meta property=\"og:title\" content=\"Conector Splitbolt P.F. com rosca mec\u00e2nica 35mm - Mape Com\u00e9rcio de Produtos Preventivos de Inc\u00eandio\" \/>\n<meta property=\"og:description\" content=\"Conector Splitbolt P.F. com rosca mec\u00e2nica 35mm\" \/>\n<meta property=\"og:url\" content=\"https:\/\/mapeengenharia.com.br\/loja\/produto\/conector-splitbolt-p-f-com-rosca-mecanica-35mm\/\" \/>\n<meta property=\"og:site_name\" content=\"Mape Com\u00e9rcio de Produtos Preventivos de Inc\u00eandio\" \/>\n<meta property=\"article:modified_time\" content=\"2026-04-23T00:24:30+00:00\" \/>\n<meta property=\"og:image\" content=\"https:\/\/mapeengenharia.com.br\/loja\/wp-content\/uploads\/2025\/01\/15244773156-d-nq-np-966271-mlb72627243865-112023-v.webp\" \/>\n\t<meta property=\"og:image:width\" content=\"320\" \/>\n\t<meta property=\"og:image:height\" content=\"320\" \/>\n\t<meta property=\"og:image:type\" content=\"image\/webp\" \/>\n<meta name=\"twitter:card\" content=\"summary_large_image\" \/>\n<meta name=\"twitter:label1\" content=\"Est. tempo de leitura\" \/>\n\t<meta name=\"twitter:data1\" content=\"1 minuto\" \/>\n<script type=\"application\/ld+json\" class=\"yoast-schema-graph\">{\"@context\":\"https:\\\/\\\/schema.org\",\"@graph\":[{\"@type\":\"WebPage\",\"@id\":\"https:\\\/\\\/mapeengenharia.com.br\\\/loja\\\/produto\\\/conector-splitbolt-p-f-com-rosca-mecanica-35mm\\\/\",\"url\":\"https:\\\/\\\/mapeengenharia.com.br\\\/loja\\\/produto\\\/conector-splitbolt-p-f-com-rosca-mecanica-35mm\\\/\",\"name\":\"Conector Splitbolt P.F. com rosca mec\u00e2nica 35mm - Mape Com\u00e9rcio de Produtos Preventivos de Inc\u00eandio\",\"isPartOf\":{\"@id\":\"https:\\\/\\\/mapeengenharia.com.br\\\/loja\\\/#website\"},\"primaryImageOfPage\":{\"@id\":\"https:\\\/\\\/mapeengenharia.com.br\\\/loja\\\/produto\\\/conector-splitbolt-p-f-com-rosca-mecanica-35mm\\\/#primaryimage\"},\"image\":{\"@id\":\"https:\\\/\\\/mapeengenharia.com.br\\\/loja\\\/produto\\\/conector-splitbolt-p-f-com-rosca-mecanica-35mm\\\/#primaryimage\"},\"thumbnailUrl\":\"https:\\\/\\\/mapeengenharia.com.br\\\/loja\\\/wp-content\\\/uploads\\\/2025\\\/01\\\/15244773156-d-nq-np-966271-mlb72627243865-112023-v.webp\",\"datePublished\":\"2025-01-10T20:44:24+00:00\",\"dateModified\":\"2026-04-23T00:24:30+00:00\",\"description\":\"Conector Splitbolt P.F. com rosca mec\u00e2nica 35mm\",\"breadcrumb\":{\"@id\":\"https:\\\/\\\/mapeengenharia.com.br\\\/loja\\\/produto\\\/conector-splitbolt-p-f-com-rosca-mecanica-35mm\\\/#breadcrumb\"},\"inLanguage\":\"pt-BR\",\"potentialAction\":[{\"@type\":\"ReadAction\",\"target\":[\"https:\\\/\\\/mapeengenharia.com.br\\\/loja\\\/produto\\\/conector-splitbolt-p-f-com-rosca-mecanica-35mm\\\/\"]}]},{\"@type\":\"ImageObject\",\"inLanguage\":\"pt-BR\",\"@id\":\"https:\\\/\\\/mapeengenharia.com.br\\\/loja\\\/produto\\\/conector-splitbolt-p-f-com-rosca-mecanica-35mm\\\/#primaryimage\",\"url\":\"https:\\\/\\\/mapeengenharia.com.br\\\/loja\\\/wp-content\\\/uploads\\\/2025\\\/01\\\/15244773156-d-nq-np-966271-mlb72627243865-112023-v.webp\",\"contentUrl\":\"https:\\\/\\\/mapeengenharia.com.br\\\/loja\\\/wp-content\\\/uploads\\\/2025\\\/01\\\/15244773156-d-nq-np-966271-mlb72627243865-112023-v.webp\",\"width\":320,\"height\":320},{\"@type\":\"BreadcrumbList\",\"@id\":\"https:\\\/\\\/mapeengenharia.com.br\\\/loja\\\/produto\\\/conector-splitbolt-p-f-com-rosca-mecanica-35mm\\\/#breadcrumb\",\"itemListElement\":[{\"@type\":\"ListItem\",\"position\":1,\"name\":\"In\u00edcio\",\"item\":\"https:\\\/\\\/mapeengenharia.com.br\\\/loja\\\/\"},{\"@type\":\"ListItem\",\"position\":2,\"name\":\"Loja\",\"item\":\"https:\\\/\\\/mapeengenharia.com.br\\\/loja\\\/loja\\\/\"},{\"@type\":\"ListItem\",\"position\":3,\"name\":\"Conector Splitbolt P.F. com rosca mec\u00e2nica 35mm\"}]},{\"@type\":\"WebSite\",\"@id\":\"https:\\\/\\\/mapeengenharia.com.br\\\/loja\\\/#website\",\"url\":\"https:\\\/\\\/mapeengenharia.com.br\\\/loja\\\/\",\"name\":\"Mape Com\u00e9rcio de Produtos Preventivos de Inc\u00eandio\",\"description\":\"A Casa do Condom\u00ednio\",\"potentialAction\":[{\"@type\":\"SearchAction\",\"target\":{\"@type\":\"EntryPoint\",\"urlTemplate\":\"https:\\\/\\\/mapeengenharia.com.br\\\/loja\\\/?s={search_term_string}\"},\"query-input\":{\"@type\":\"PropertyValueSpecification\",\"valueRequired\":true,\"valueName\":\"search_term_string\"}}],\"inLanguage\":\"pt-BR\"}]}<\/script>\n<!-- \/ Yoast SEO plugin. -->","yoast_head_json":{"title":"Conector Splitbolt P.F. com rosca mec\u00e2nica 35mm - Mape Com\u00e9rcio de Produtos Preventivos de Inc\u00eandio","description":"Conector Splitbolt P.F. com rosca mec\u00e2nica 35mm","robots":{"index":"index","follow":"follow","max-snippet":"max-snippet:-1","max-image-preview":"max-image-preview:large","max-video-preview":"max-video-preview:-1"},"canonical":"https:\/\/mapeengenharia.com.br\/loja\/produto\/conector-splitbolt-p-f-com-rosca-mecanica-35mm\/","og_locale":"pt_BR","og_type":"article","og_title":"Conector Splitbolt P.F. com rosca mec\u00e2nica 35mm - Mape Com\u00e9rcio de Produtos Preventivos de Inc\u00eandio","og_description":"Conector Splitbolt P.F. com rosca mec\u00e2nica 35mm","og_url":"https:\/\/mapeengenharia.com.br\/loja\/produto\/conector-splitbolt-p-f-com-rosca-mecanica-35mm\/","og_site_name":"Mape Com\u00e9rcio de Produtos Preventivos de Inc\u00eandio","article_modified_time":"2026-04-23T00:24:30+00:00","og_image":[{"width":320,"height":320,"url":"https:\/\/mapeengenharia.com.br\/loja\/wp-content\/uploads\/2025\/01\/15244773156-d-nq-np-966271-mlb72627243865-112023-v.webp","type":"image\/webp"}],"twitter_card":"summary_large_image","twitter_misc":{"Est. tempo de leitura":"1 minuto"},"schema":{"@context":"https:\/\/schema.org","@graph":[{"@type":"WebPage","@id":"https:\/\/mapeengenharia.com.br\/loja\/produto\/conector-splitbolt-p-f-com-rosca-mecanica-35mm\/","url":"https:\/\/mapeengenharia.com.br\/loja\/produto\/conector-splitbolt-p-f-com-rosca-mecanica-35mm\/","name":"Conector Splitbolt P.F. com rosca mec\u00e2nica 35mm - Mape Com\u00e9rcio de Produtos Preventivos de Inc\u00eandio","isPartOf":{"@id":"https:\/\/mapeengenharia.com.br\/loja\/#website"},"primaryImageOfPage":{"@id":"https:\/\/mapeengenharia.com.br\/loja\/produto\/conector-splitbolt-p-f-com-rosca-mecanica-35mm\/#primaryimage"},"image":{"@id":"https:\/\/mapeengenharia.com.br\/loja\/produto\/conector-splitbolt-p-f-com-rosca-mecanica-35mm\/#primaryimage"},"thumbnailUrl":"https:\/\/mapeengenharia.com.br\/loja\/wp-content\/uploads\/2025\/01\/15244773156-d-nq-np-966271-mlb72627243865-112023-v.webp","datePublished":"2025-01-10T20:44:24+00:00","dateModified":"2026-04-23T00:24:30+00:00","description":"Conector Splitbolt P.F. com rosca mec\u00e2nica 35mm","breadcrumb":{"@id":"https:\/\/mapeengenharia.com.br\/loja\/produto\/conector-splitbolt-p-f-com-rosca-mecanica-35mm\/#breadcrumb"},"inLanguage":"pt-BR","potentialAction":[{"@type":"ReadAction","target":["https:\/\/mapeengenharia.com.br\/loja\/produto\/conector-splitbolt-p-f-com-rosca-mecanica-35mm\/"]}]},{"@type":"ImageObject","inLanguage":"pt-BR","@id":"https:\/\/mapeengenharia.com.br\/loja\/produto\/conector-splitbolt-p-f-com-rosca-mecanica-35mm\/#primaryimage","url":"https:\/\/mapeengenharia.com.br\/loja\/wp-content\/uploads\/2025\/01\/15244773156-d-nq-np-966271-mlb72627243865-112023-v.webp","contentUrl":"https:\/\/mapeengenharia.com.br\/loja\/wp-content\/uploads\/2025\/01\/15244773156-d-nq-np-966271-mlb72627243865-112023-v.webp","width":320,"height":320},{"@type":"BreadcrumbList","@id":"https:\/\/mapeengenharia.com.br\/loja\/produto\/conector-splitbolt-p-f-com-rosca-mecanica-35mm\/#breadcrumb","itemListElement":[{"@type":"ListItem","position":1,"name":"In\u00edcio","item":"https:\/\/mapeengenharia.com.br\/loja\/"},{"@type":"ListItem","position":2,"name":"Loja","item":"https:\/\/mapeengenharia.com.br\/loja\/loja\/"},{"@type":"ListItem","position":3,"name":"Conector Splitbolt P.F. com rosca mec\u00e2nica 35mm"}]},{"@type":"WebSite","@id":"https:\/\/mapeengenharia.com.br\/loja\/#website","url":"https:\/\/mapeengenharia.com.br\/loja\/","name":"Mape Com\u00e9rcio de Produtos Preventivos de Inc\u00eandio","description":"A Casa do Condom\u00ednio","potentialAction":[{"@type":"SearchAction","target":{"@type":"EntryPoint","urlTemplate":"https:\/\/mapeengenharia.com.br\/loja\/?s={search_term_string}"},"query-input":{"@type":"PropertyValueSpecification","valueRequired":true,"valueName":"search_term_string"}}],"inLanguage":"pt-BR"}]}},"_links":{"self":[{"href":"https:\/\/mapeengenharia.com.br\/loja\/wp-json\/wp\/v2\/product\/810","targetHints":{"allow":["GET"]}}],"collection":[{"href":"https:\/\/mapeengenharia.com.br\/loja\/wp-json\/wp\/v2\/product"}],"about":[{"href":"https:\/\/mapeengenharia.com.br\/loja\/wp-json\/wp\/v2\/types\/product"}],"replies":[{"embeddable":true,"href":"https:\/\/mapeengenharia.com.br\/loja\/wp-json\/wp\/v2\/comments?post=810"}],"wp:featuredmedia":[{"embeddable":true,"href":"https:\/\/mapeengenharia.com.br\/loja\/wp-json\/wp\/v2\/media\/809"}],"wp:attachment":[{"href":"https:\/\/mapeengenharia.com.br\/loja\/wp-json\/wp\/v2\/media?parent=810"}],"wp:term":[{"taxonomy":"product_brand","embeddable":true,"href":"https:\/\/mapeengenharia.com.br\/loja\/wp-json\/wp\/v2\/product_brand?post=810"},{"taxonomy":"product_cat","embeddable":true,"href":"https:\/\/mapeengenharia.com.br\/loja\/wp-json\/wp\/v2\/product_cat?post=810"},{"taxonomy":"product_tag","embeddable":true,"href":"https:\/\/mapeengenharia.com.br\/loja\/wp-json\/wp\/v2\/product_tag?post=810"}],"curies":[{"name":"wp","href":"https:\/\/api.w.org\/{rel}","templated":true}]}}